{"id":3,"date":"2022-08-10T10:37:46","date_gmt":"2022-08-10T10:37:46","guid":{"rendered":"https:\/\/www.akspila.com\/?page_id=3"},"modified":"2023-09-30T16:47:59","modified_gmt":"2023-09-30T16:47:59","slug":"privacy-policy","status":"publish","type":"page","link":"https:\/\/www.akspila.com\/sk\/privacy-policy\/","title":{"rendered":"Ochrana osobn\u00fdch \u00fadajov"},"content":{"rendered":"<div data-elementor-type=\"wp-page\" data-elementor-id=\"3\" class=\"elementor elementor-3\" data-elementor-post-type=\"page\">\n\t\t\t\t\t\t<section data-particle_enable=\"false\" data-particle-mobile-disabled=\"false\" class=\"elementor-section elementor-top-section elementor-element elementor-element-1bdb0918 elementor-section-boxed elementor-section-height-default elementor-section-height-default\" data-id=\"1bdb0918\" data-element_type=\"section\">\n\t\t\t\t\t\t<div class=\"elementor-container elementor-column-gap-default\">\n\t\t\t\t\t<div class=\"elementor-column elementor-col-100 elementor-top-column elementor-element elementor-element-4b8df925\" data-id=\"4b8df925\" data-element_type=\"column\">\n\t\t\t<div class=\"elementor-widget-wrap elementor-element-populated\">\n\t\t\t\t\t\t<div class=\"elementor-element elementor-element-16b7fc8a elementor-widget elementor-widget-text-editor\" data-id=\"16b7fc8a\" data-element_type=\"widget\" data-widget_type=\"text-editor.default\">\n\t\t\t\t<div class=\"elementor-widget-container\">\n\t\t\t\t\t\t\t\t\t<p><\/p>\n<h2 class=\"wp-block-heading\">Kto \u00fadaje sprac\u00fava<\/h2>\n<p><\/p>\n<p>Prev\u00e1dzkovate\u013eom internetovej str\u00e1nky https:\/\/www.akspila.com je JUDr. Erik \u0160pila, advok\u00e1t, s miestom podnikania Fu\u010d\u00edkova 30, 903 01 Senec, I\u010cO: 54837693 (\u010falej len \"Prev\u00e1dzkovate\u013e\"). Prev\u00e1dzkovate\u013e sprac\u00fava osobn\u00e9 \u00fadaje na z\u00e1klade viacer\u00fdch pr\u00e1vnych z\u00e1kladoch, ktor\u00e9 s\u00fa uveden\u00e9 \u010falej v texte.<\/p>\n<p><\/p>\n<p><\/p>\n<h2 class=\"wp-block-heading\">\u00da\u010del sprac\u00favania osobn\u00fdch \u00fadajov<\/h2>\n<p><\/p>\n<p class=\"translation-block\">Sprac\u00favanie osobn\u00fdch \u00fadajov klientov prev\u00e1dzkovate\u013ea sa vykon\u00e1va na \u00fa\u010dely vedenia evidencie klientov na obchodn\u00e9 \u00fa\u010dely, na \u00fa\u010dely evidencie a spracovania pr\u00edpadov, zml\u00fav a v\u0161etk\u00fdch s\u00favisiacich inform\u00e1ci\u00ed. M\u00f4\u017eeme sprac\u00fava\u0165 tieto osobn\u00e9 \u00fadaje klientov: obchodn\u00e9 meno, meno a priezvisko, e-mailov\u00e1 adresa.<\/p>\n<p>The processing of personal data of the provider&#8217;s website visitors is carried out for the purpose of providing response and answering visitors question or demand and all for related situations. We process following personal data: business name, identification number, mobile phone number, email address, name and surname.<\/p>\n<p>Osobn\u00e9 \u00fadaje na\u0161ich klientov alebo n\u00e1v\u0161tevn\u00edkov tejto internetovej str\u00e1nky sprac\u00favame v nasleduj\u00facich informa\u010dn\u00fdch syst\u00e9moch alebo datab\u00e1zach:<\/p>\n<ul>\n<li>\u00fa\u010dtovn\u00e9 dokumenty<\/li>\n<li>kontaktn\u00fd formul\u00e1r<\/li>\n<li>zoznam obchodn\u00fdch partnerov<\/li>\n<li>s\u00fabory cookies<\/li>\n<li>objedn\u00e1vkov\u00fd formul\u00e1r<\/li>\n<\/ul>\n<h2>Kde m\u00f4\u017eu by\u0165 \u00fadaje posielan\u00e9<\/h2>\n<p><\/p>\n<p>Spr\u00e1vy n\u00e1v\u0161tevn\u00edkov odoslan\u00e9 prostredn\u00edctvom kontaktn\u00fdch formul\u00e1rov sa m\u00f4\u017eu kontrolova\u0165 prostredn\u00edctvom automatickej slu\u017eby na detekciu spamu.<\/p>\n<p><\/p>\n<p><\/p>\n<p><\/p>\n<h2 class=\"wp-block-heading\">Obsah vlo\u017een\u00fd z in\u00fdch internetov\u00fdch str\u00e1nok<\/h2>\n<p><\/p>\n<p>\u010cl\u00e1nky na tejto str\u00e1nke m\u00f4\u017eu obsahova\u0165 vlo\u017een\u00fd obsah (napr. vide\u00e1, obr\u00e1zky, \u010dl\u00e1nky at\u010f.). Vlo\u017een\u00fd obsah z in\u00fdch webov\u00fdch str\u00e1nok sa spr\u00e1va presne tak, ako keby n\u00e1v\u0161tevn\u00edk nav\u0161t\u00edvil in\u00fa webov\u00fa str\u00e1nku.<\/p>\n<p><\/p>\n<p>Tieto webov\u00e9 str\u00e1nky m\u00f4\u017eu zhroma\u017e\u010fova\u0165 \u00fadaje o v\u00e1s, pou\u017e\u00edva\u0165 s\u00fabory cookie, vklada\u0165 \u010fal\u0161ie sledovanie tret\u00edch str\u00e1n a monitorova\u0165 va\u0161u interakciu s vlo\u017een\u00fdm obsahom vr\u00e1tane sledovania va\u0161ej interakcie s vlo\u017een\u00fdm obsahom, ak m\u00e1te \u00fa\u010det a ste prihl\u00e1sen\u00ed na danej webovej str\u00e1nke.<\/p>\n<p><\/p>\n<p><\/p>\n<h2 class=\"wp-block-heading\">Ako dlho uchov\u00e1vame va\u0161e \u00fadaje<\/h2>\n<p><\/p>\n<p>Va\u0161e \u00fadaje uchov\u00e1vame maxim\u00e1lne tak dlho, ako n\u00e1m to umo\u017e\u0148uj\u00fa pr\u00edslu\u0161n\u00e9 pr\u00e1vne predpisy.<\/p>\n<p><\/p>\n<h2 class=\"wp-block-heading\">Ak\u00e9 m\u00e1te pr\u00e1va k svoj\u00edm \u00fadajom<\/h2>\n<p><\/p>\n<p>M\u00e1te pr\u00e1vo na pr\u00edstup k \u00fadajom, ktor\u00e9 o v\u00e1s sprac\u00favame. M\u00f4\u017eete po\u017eiada\u0165 o zaslanie exportovan\u00e9ho s\u00faboru osobn\u00fdch \u00fadajov, ktor\u00e9 o v\u00e1s uchov\u00e1vame, vr\u00e1tane v\u0161etk\u00fdch \u00fadajov, ktor\u00e9 ste n\u00e1m poskytli. M\u00f4\u017eete tie\u017e po\u017eiada\u0165, aby sme vymazali v\u0161etky osobn\u00e9 \u00fadaje, ktor\u00e9 o v\u00e1s uchov\u00e1vame. Toto sa net\u00fdka \u00fadajov, ktor\u00e9 sme povinn\u00ed uchov\u00e1va\u0165 na administrat\u00edvne, pr\u00e1vne alebo bezpe\u010dnostn\u00e9 \u00fa\u010dely.<\/p>\n<p>M\u00e1te pr\u00e1vo na opravu spr\u00e1vnosti svojich osobn\u00fdch \u00fadajov, ak prev\u00e1dzkovate\u013e nem\u00e1 spr\u00e1vne \u00fadaje. Prev\u00e1dzkovate\u013e vykon\u00e1 opravu na z\u00e1klade va\u0161ej \u017eiadosti.<\/p>\n<p>M\u00e1te pr\u00e1vo na vymazanie osobn\u00fdch \u00fadajov, ktor\u00e9 o v\u00e1s sprac\u00favame, ak s\u00fa splnen\u00e9 ni\u017e\u0161ie uveden\u00e9 krit\u00e9ri\u00e1:<\/p>\n<ul>\n<li>osobn\u00e9 \u00fadaje u\u017e nie s\u00fa potrebn\u00e9 na \u00fa\u010del, na ktor\u00fd boli zhroma\u017eden\u00e9 a spracovan\u00e9,<\/li>\n<li>osoba, ktorej \u00fadaje sa sprac\u00favaj\u00fa, odvol\u00e1 s\u00fahlas, na z\u00e1klade ktor\u00e9ho sa \u00fadaje sprac\u00favaj\u00fa,<\/li>\n<li>osoba vzniesla platn\u00fa n\u00e1mietku proti spracovaniu \u00fadajov,<\/li>\n<li>sprac\u00favanie \u00fadajov nemalo pr\u00e1vny z\u00e1klad.<\/li>\n<\/ul>\n<p>\u00a0<\/p>\n<p>Prev\u00e1dzkovate\u013e vyma\u017ee v\u0161etky osobn\u00e9 \u00fadaje na z\u00e1klade \u017eiadosti opr\u00e1vnenej osoby, ke\u010f zist\u00ed, \u017ee \u017eiados\u0165 je opr\u00e1vnen\u00e1.<\/p>\n<p>Prev\u00e1dzkovate\u013e v\u010das spracuje va\u0161u n\u00e1mietku.<\/p>\n<p>Osoba, ktorej osobn\u00e9 \u00fadaje sa sprac\u00favaj\u00fa, m\u00e1 pr\u00e1vo poda\u0165 s\u0165a\u017enos\u0165 pr\u00edslu\u0161n\u00fdm org\u00e1nom verejnej moci, v ktor\u00fdch kompetenci\u00ed je doh\u013ead nad ochranou osobn\u00fdch \u00fadajov.<\/p>\n<p>Osoba, ktorej osobn\u00e9 \u00fadaje sa sprac\u00favaj\u00fa, n\u00e1s m\u00f4\u017ee kontaktova\u0165 vo veci ochrany osobn\u00fdch \u00fadajov a v\u0161etk\u00fdmi s\u00favisiacimi ot\u00e1zkami na e-mailovej adrese: info@akspila.com<\/p>\n<p><\/p>\n<p>\u00a0<\/p>\n<p><\/p>\t\t\t\t\t\t\t\t<\/div>\n\t\t\t\t<\/div>\n\t\t\t\t\t<\/div>\n\t\t<\/div>\n\t\t\t\t\t<\/div>\n\t\t<\/section>\n\t\t\t\t<\/div>","protected":false},"excerpt":{"rendered":"<p>Who we are The provider of website https:\/\/www.akspila.com is JUDr. Erik \u0160pila, attorney-at-law, with registered office address at Fu\u010d\u00edkova 30, 903 01 Senec, I\u010cO: 54837693. The provider process your personal data for various purposes mentioned in the text below. Data processing purposes The processing of personal data of the provider&#8217;s clients is carried out for [&hellip;]<\/p>","protected":false},"author":1,"featured_media":0,"parent":0,"menu_order":0,"comment_status":"closed","ping_status":"open","template":"","meta":{"footnotes":""},"class_list":["post-3","page","type-page","status-publish","hentry"],"yoast_head":"<!-- This site is optimized with the Yoast SEO plugin v23.9 - https:\/\/yoast.com\/wordpress\/plugins\/seo\/ -->\n<title>Privacy Policy - JUDr. Erik \u0160pila, advok\u00e1tska kancel\u00e1ria<\/title>\n<meta name=\"description\" content=\"Privacy Policy of Attorney at Law JUDr. Erik \u0160pila, IP Lawyer, website.\" \/>\n<meta name=\"robots\" content=\"index, follow, max-snippet:-1, max-image-preview:large, max-video-preview:-1\" \/>\n<link rel=\"canonical\" href=\"https:\/\/www.akspila.com\/sk\/privacy-policy\/\" \/>\n<meta property=\"og:locale\" content=\"sk_SK\" \/>\n<meta property=\"og:type\" content=\"article\" \/>\n<meta property=\"og:title\" content=\"Privacy Policy - JUDr. Erik \u0160pila, advok\u00e1tska kancel\u00e1ria\" \/>\n<meta property=\"og:description\" content=\"Privacy Policy of Attorney at Law JUDr. Erik \u0160pila, IP Lawyer, website.\" \/>\n<meta property=\"og:url\" content=\"https:\/\/www.akspila.com\/sk\/privacy-policy\/\" \/>\n<meta property=\"og:site_name\" content=\"JUDr. Erik \u0160pila, advok\u00e1tska kancel\u00e1ria\" \/>\n<meta property=\"article:modified_time\" content=\"2023-09-30T16:47:59+00:00\" \/>\n<meta name=\"twitter:card\" content=\"summary_large_image\" \/>\n<meta name=\"twitter:label1\" content=\"Predpokladan\u00fd \u010das \u010d\u00edtania\" \/>\n\t<meta name=\"twitter:data1\" content=\"3 min\u00faty\" \/>\n<script type=\"application\/ld+json\" class=\"yoast-schema-graph\">{\"@context\":\"https:\/\/schema.org\",\"@graph\":[{\"@type\":\"WebPage\",\"@id\":\"https:\/\/www.akspila.com\/privacy-policy\/\",\"url\":\"https:\/\/www.akspila.com\/privacy-policy\/\",\"name\":\"Privacy Policy - JUDr. Erik \u0160pila, advok\u00e1tska kancel\u00e1ria\",\"isPartOf\":{\"@id\":\"https:\/\/www.akspila.com\/#website\"},\"datePublished\":\"2022-08-10T10:37:46+00:00\",\"dateModified\":\"2023-09-30T16:47:59+00:00\",\"description\":\"Privacy Policy of Attorney at Law JUDr. Erik \u0160pila, IP Lawyer, website.\",\"breadcrumb\":{\"@id\":\"https:\/\/www.akspila.com\/privacy-policy\/#breadcrumb\"},\"inLanguage\":\"sk-SK\",\"potentialAction\":[{\"@type\":\"ReadAction\",\"target\":[\"https:\/\/www.akspila.com\/privacy-policy\/\"]}]},{\"@type\":\"BreadcrumbList\",\"@id\":\"https:\/\/www.akspila.com\/privacy-policy\/#breadcrumb\",\"itemListElement\":[{\"@type\":\"ListItem\",\"position\":1,\"name\":\"Home\",\"item\":\"https:\/\/www.akspila.com\/\"},{\"@type\":\"ListItem\",\"position\":2,\"name\":\"Privacy Policy\"}]},{\"@type\":\"WebSite\",\"@id\":\"https:\/\/www.akspila.com\/#website\",\"url\":\"https:\/\/www.akspila.com\/\",\"name\":\"JUDr. Erik \u0160pila, advok\u00e1tska kancel\u00e1ria\",\"description\":\"Pr\u00e1vne poradenstvo\",\"potentialAction\":[{\"@type\":\"SearchAction\",\"target\":{\"@type\":\"EntryPoint\",\"urlTemplate\":\"https:\/\/www.akspila.com\/?s={search_term_string}\"},\"query-input\":{\"@type\":\"PropertyValueSpecification\",\"valueRequired\":true,\"valueName\":\"search_term_string\"}}],\"inLanguage\":\"sk-SK\"}]}<\/script>\n<!-- \/ Yoast SEO plugin. -->","yoast_head_json":{"title":"Privacy Policy - JUDr. Erik \u0160pila, advok\u00e1tska kancel\u00e1ria","description":"Privacy Policy of Attorney at Law JUDr. Erik \u0160pila, IP Lawyer, website.","robots":{"index":"index","follow":"follow","max-snippet":"max-snippet:-1","max-image-preview":"max-image-preview:large","max-video-preview":"max-video-preview:-1"},"canonical":"https:\/\/www.akspila.com\/sk\/privacy-policy\/","og_locale":"sk_SK","og_type":"article","og_title":"Privacy Policy - JUDr. Erik \u0160pila, advok\u00e1tska kancel\u00e1ria","og_description":"Privacy Policy of Attorney at Law JUDr. Erik \u0160pila, IP Lawyer, website.","og_url":"https:\/\/www.akspila.com\/sk\/privacy-policy\/","og_site_name":"JUDr. Erik \u0160pila, advok\u00e1tska kancel\u00e1ria","article_modified_time":"2023-09-30T16:47:59+00:00","twitter_card":"summary_large_image","twitter_misc":{"Predpokladan\u00fd \u010das \u010d\u00edtania":"3 min\u00faty"},"schema":{"@context":"https:\/\/schema.org","@graph":[{"@type":"WebPage","@id":"https:\/\/www.akspila.com\/privacy-policy\/","url":"https:\/\/www.akspila.com\/privacy-policy\/","name":"Privacy Policy - JUDr. Erik \u0160pila, advok\u00e1tska kancel\u00e1ria","isPartOf":{"@id":"https:\/\/www.akspila.com\/#website"},"datePublished":"2022-08-10T10:37:46+00:00","dateModified":"2023-09-30T16:47:59+00:00","description":"Privacy Policy of Attorney at Law JUDr. Erik \u0160pila, IP Lawyer, website.","breadcrumb":{"@id":"https:\/\/www.akspila.com\/privacy-policy\/#breadcrumb"},"inLanguage":"sk-SK","potentialAction":[{"@type":"ReadAction","target":["https:\/\/www.akspila.com\/privacy-policy\/"]}]},{"@type":"BreadcrumbList","@id":"https:\/\/www.akspila.com\/privacy-policy\/#breadcrumb","itemListElement":[{"@type":"ListItem","position":1,"name":"Home","item":"https:\/\/www.akspila.com\/"},{"@type":"ListItem","position":2,"name":"Privacy Policy"}]},{"@type":"WebSite","@id":"https:\/\/www.akspila.com\/#website","url":"https:\/\/www.akspila.com\/","name":"JUDr. Erik \u0160pila, advok\u00e1tska kancel\u00e1ria","description":"Pr\u00e1vne poradenstvo","potentialAction":[{"@type":"SearchAction","target":{"@type":"EntryPoint","urlTemplate":"https:\/\/www.akspila.com\/?s={search_term_string}"},"query-input":{"@type":"PropertyValueSpecification","valueRequired":true,"valueName":"search_term_string"}}],"inLanguage":"sk-SK"}]}},"_links":{"self":[{"href":"https:\/\/www.akspila.com\/sk\/wp-json\/wp\/v2\/pages\/3","targetHints":{"allow":["GET"]}}],"collection":[{"href":"https:\/\/www.akspila.com\/sk\/wp-json\/wp\/v2\/pages"}],"about":[{"href":"https:\/\/www.akspila.com\/sk\/wp-json\/wp\/v2\/types\/page"}],"author":[{"embeddable":true,"href":"https:\/\/www.akspila.com\/sk\/wp-json\/wp\/v2\/users\/1"}],"replies":[{"embeddable":true,"href":"https:\/\/www.akspila.com\/sk\/wp-json\/wp\/v2\/comments?post=3"}],"version-history":[{"count":19,"href":"https:\/\/www.akspila.com\/sk\/wp-json\/wp\/v2\/pages\/3\/revisions"}],"predecessor-version":[{"id":7786,"href":"https:\/\/www.akspila.com\/sk\/wp-json\/wp\/v2\/pages\/3\/revisions\/7786"}],"wp:attachment":[{"href":"https:\/\/www.akspila.com\/sk\/wp-json\/wp\/v2\/media?parent=3"}],"curies":[{"name":"wp","href":"https:\/\/api.w.org\/{rel}","templated":true}]}}